{"id":7,"date":"2020-11-05T14:14:33","date_gmt":"2020-11-05T14:14:33","guid":{"rendered":"http:\/\/www.werbe-tueff.de\/?page_id=7"},"modified":"2020-11-05T14:53:16","modified_gmt":"2020-11-05T14:53:16","slug":"startseite","status":"publish","type":"page","link":"http:\/\/www.werbe-tueff.de\/","title":{"rendered":"Startseite"},"content":{"rendered":"\n<p>Werbung begegnet uns heutzutage in den mannigfaltigsten Formen. Neben den herk\u00f6mmlichen Prospekten und Katalogen werden seit Jahren immer h\u00e4ufiger die Medien genutzt. Diese haben den Vorteil, zielgruppenorientiert zu werben. Es gibt Sender, die ein so spezielles Programm bieten, da\u00df es zu gro\u00dfem Prozentsatz von einer bestimmten Gruppe von Menschen genutzt wird, wobei die Trennung in M\u00e4nner-, Frauen- und Kindersender die wichtigste ist. Bei Kindersendern ist am gravierendsten. Man sieht auf ihnen fast niemals andere Werbung als Spielzeug oder &#8222;coole&#8220; und &#8222;stylische&#8220; Artikel. H\u00e4ufig erheben diese Spots k\u00fcnstlerische Anspr\u00fcche und erf\u00fcllen sie manchmal sogar. Viele andere hingegen sind so neben der Spur, da\u00df man sich fragt: Ist der Macher so bl\u00f6d, ist die Zielgruppe so bl\u00f6d oder denkt der Macher nur, da\u00df die Zielgruppe so bl\u00f6d ist.<br>Wie auch immer, dies alles soll hier beleuchtet werde. Am sch\u00f6nsten w\u00e4re es, wenn die Beitr\u00e4ge und Kommentare die ganze Palette vom \u00fcberschw\u00e4nglichen Lob bis zum totalen Verri\u00df abdecken w\u00fcrden. Nicht hinter dem Berg halten m\u00f6chte ich mit der Bitte, nicht den\/die vorhergehenden Schreiber bzw. Kommentatoren zu kommentieren, sondern ausschlie\u00dflich die Werbung.<br>Wie schon anklang, w\u00fcrde ich mich auch \u00fcber Gastschreiber freuen. Wer den Wunsch hat, kann mich kontaktieren, um die Freigabe zu bekommen. Andersherum w\u00fcrde ich auch oftmalige, gute Schreiber selbst darauf ansprechen.<\/p>\n\n\n\n<h3>Und nun auf ins Werbeleben!<\/h3>\n\n\n\n<div class=\"wp-block-image\"><figure class=\"aligncenter size-large is-resized\"><a href=\"http:\/\/www.werbe-tueff.de\/blog\"><img loading=\"lazy\" src=\"http:\/\/www.werbe-tueff.de\/wp-content\/uploads\/2020\/11\/zeigefinger.png\" alt=\"\" class=\"wp-image-10\" width=\"610\" height=\"338\"\/><\/a><\/figure><\/div>\n\n\n\n<p><\/p>\n","protected":false},"excerpt":{"rendered":"<p>Werbung begegnet uns heutzutage in den mannigfaltigsten Formen. Neben den herk\u00f6mmlichen Prospekten und Katalogen werden seit Jahren immer h\u00e4ufiger die Medien genutzt. Diese haben den Vorteil, zielgruppenorientiert zu werben. Es gibt Sender, die ein so spezielles Programm bieten, da\u00df es zu gro\u00dfem Prozentsatz von einer bestimmten Gruppe von Menschen genutzt wird, wobei die Trennung in [&hellip;]<\/p>\n","protected":false},"author":1,"featured_media":0,"parent":0,"menu_order":1,"comment_status":"closed","ping_status":"closed","template":"","meta":[],"_links":{"self":[{"href":"http:\/\/www.werbe-tueff.de\/index.php?rest_route=\/wp\/v2\/pages\/7"}],"collection":[{"href":"http:\/\/www.werbe-tueff.de\/index.php?rest_route=\/wp\/v2\/pages"}],"about":[{"href":"http:\/\/www.werbe-tueff.de\/index.php?rest_route=\/wp\/v2\/types\/page"}],"author":[{"embeddable":true,"href":"http:\/\/www.werbe-tueff.de\/index.php?rest_route=\/wp\/v2\/users\/1"}],"replies":[{"embeddable":true,"href":"http:\/\/www.werbe-tueff.de\/index.php?rest_route=%2Fwp%2Fv2%2Fcomments&post=7"}],"version-history":[{"count":8,"href":"http:\/\/www.werbe-tueff.de\/index.php?rest_route=\/wp\/v2\/pages\/7\/revisions"}],"predecessor-version":[{"id":54,"href":"http:\/\/www.werbe-tueff.de\/index.php?rest_route=\/wp\/v2\/pages\/7\/revisions\/54"}],"wp:attachment":[{"href":"http:\/\/www.werbe-tueff.de\/index.php?rest_route=%2Fwp%2Fv2%2Fmedia&parent=7"}],"curies":[{"name":"wp","href":"https:\/\/api.w.org\/{rel}","templated":true}]}}