{"id":31,"date":"2020-11-05T16:41:57","date_gmt":"2020-11-05T16:41:57","guid":{"rendered":"http:\/\/www.werbe-tueff.de\/?page_id=31"},"modified":"2020-11-05T16:42:55","modified_gmt":"2020-11-05T16:42:55","slug":"markenrechte","status":"publish","type":"page","link":"http:\/\/www.werbe-tueff.de\/?page_id=31","title":{"rendered":"Markenrechte"},"content":{"rendered":"\n<p>Alle Rechte an Firmen-, Produkt- oder anderen gesch\u00fctzten Namen liegen bei den jeweiligen Inhabern. Es ist ja klar, da\u00df man bei der Bewertung eines Produkts oder seiner Werbespots nicht &#8222;Irgendein Ger\u00e4t&#8220; als Zielobjekt schreiben kann, sondern es exakt benennen mu\u00df. <br>Da ich Privatperson bin und deshalb weder materiell interessiert noch in der Pflicht bin, mich im Markenrecht profim\u00e4\u00dfig auszukennen, braucht mir keiner leichtf\u00fc\u00dfig daherkommen und mir eine Abmahnung zu verpassen, ohne mich vorher <span class=\"has-inline-color has-accent-color\"><strong>nachweisbar<\/strong> <\/span>auf einen Versto\u00df mit \u00c4nderungspflicht hingewiesen zu haben.<\/p>\n","protected":false},"excerpt":{"rendered":"<p>Alle Rechte an Firmen-, Produkt- oder anderen gesch\u00fctzten Namen liegen bei den jeweiligen Inhabern. Es ist ja klar, da\u00df man bei der Bewertung eines Produkts oder seiner Werbespots nicht &#8222;Irgendein Ger\u00e4t&#8220; als Zielobjekt schreiben kann, sondern es exakt benennen mu\u00df. Da ich Privatperson bin und deshalb weder materiell interessiert noch in der Pflicht bin, mich [&hellip;]<\/p>\n","protected":false},"author":1,"featured_media":0,"parent":0,"menu_order":4,"comment_status":"closed","ping_status":"closed","template":"","meta":[],"_links":{"self":[{"href":"http:\/\/www.werbe-tueff.de\/index.php?rest_route=\/wp\/v2\/pages\/31"}],"collection":[{"href":"http:\/\/www.werbe-tueff.de\/index.php?rest_route=\/wp\/v2\/pages"}],"about":[{"href":"http:\/\/www.werbe-tueff.de\/index.php?rest_route=\/wp\/v2\/types\/page"}],"author":[{"embeddable":true,"href":"http:\/\/www.werbe-tueff.de\/index.php?rest_route=\/wp\/v2\/users\/1"}],"replies":[{"embeddable":true,"href":"http:\/\/www.werbe-tueff.de\/index.php?rest_route=%2Fwp%2Fv2%2Fcomments&post=31"}],"version-history":[{"count":1,"href":"http:\/\/www.werbe-tueff.de\/index.php?rest_route=\/wp\/v2\/pages\/31\/revisions"}],"predecessor-version":[{"id":32,"href":"http:\/\/www.werbe-tueff.de\/index.php?rest_route=\/wp\/v2\/pages\/31\/revisions\/32"}],"wp:attachment":[{"href":"http:\/\/www.werbe-tueff.de\/index.php?rest_route=%2Fwp%2Fv2%2Fmedia&parent=31"}],"curies":[{"name":"wp","href":"https:\/\/api.w.org\/{rel}","templated":true}]}}